{"id":647,"date":"2024-09-17T21:52:52","date_gmt":"2024-09-17T21:52:52","guid":{"rendered":"https:\/?page_id=647"},"modified":"2025-04-28T16:07:46","modified_gmt":"2025-04-28T16:07:46","slug":"radioteck","status":"publish","type":"page","link":"https:\/\/beautiqueluxuryesthetic.it\/zh\/radioteck\/","title":{"rendered":"\u6b21\u58f0\u6ce2\u591a\u529f\u80fd\u5851\u5f62\u4eea"},"content":{"rendered":"<p>[et_pb_section fb_built=&#8221;1&#8243; admin_label=&#8221;Header&#8221; _builder_version=&#8221;4.22.2&#8243; _module_preset=&#8221;default&#8221; background_color=&#8221;#FFFFFF&#8221; locked=&#8221;off&#8221; collapsed=&#8221;on&#8221; global_colors_info=&#8221;{}&#8221;][et_pb_row _builder_version=&#8221;4.22.2&#8243; _module_preset=&#8221;default&#8221; global_colors_info=&#8221;{}&#8221;][et_pb_column type=&#8221;4_4&#8243; _builder_version=&#8221;4.22.2&#8243; _module_preset=&#8221;default&#8221; global_colors_info=&#8221;{}&#8221;][et_pb_image src=&#8221;https:\/\/beautiqueluxuryesthetic.it\/wp-content\/uploads\/2025\/04\/Radioteck.png&#8221; title_text=&#8221;Radioteck&#8221; force_fullwidth=&#8221;on&#8221; _builder_version=&#8221;4.27.4&#8243; _module_preset=&#8221;default&#8221; module_alignment=&#8221;center&#8221; hover_enabled=&#8221;0&#8243; global_colors_info=&#8221;{}&#8221; sticky_enabled=&#8221;0&#8243;][\/et_pb_image][\/et_pb_column][\/et_pb_row][\/et_pb_section][et_pb_section fb_built=&#8221;1&#8243; _builder_version=&#8221;4.23.2&#8243; _module_preset=&#8221;default&#8221; background_color=&#8221;gcid-fc7afca1-7302-4e55-829d-3d445387c282&#8243; global_colors_info=&#8221;{%22gcid-fc7afca1-7302-4e55-829d-3d445387c282%22:%91%22background_color%22%93}&#8221;][et_pb_row column_structure=&#8221;1_2,1_2&#8243; _builder_version=&#8221;4.23.2&#8243; _module_preset=&#8221;default&#8221; global_colors_info=&#8221;{}&#8221;][et_pb_column type=&#8221;1_2&#8243; _builder_version=&#8221;4.23.2&#8243; _module_preset=&#8221;default&#8221; global_colors_info=&#8221;{}&#8221;][et_pb_text _builder_version=&#8221;4.22.2&#8243; _module_preset=&#8221;de89b06e-3162-4758-9cc3-0fb348bf6a97&#8243; locked=&#8221;off&#8221; global_colors_info=&#8221;{}&#8221;]<\/p>\n<h3 style=\"text-align: center;\"><span style=\"text-decoration: underline;\">\u6b21\u58f0\u6ce2\u591a\u529f\u80fd\u5851\u5f62\u4eea<\/span><\/h3>\n<p>[\/et_pb_text][\/et_pb_column][et_pb_column type=&#8221;1_2&#8243; _builder_version=&#8221;4.23.2&#8243; _module_preset=&#8221;default&#8221; global_colors_info=&#8221;{}&#8221;][et_pb_text _builder_version=&#8221;4.22.2&#8243; _module_preset=&#8221;eb2006c7-9111-40e4-b51b-45495b9cf7c9&#8243; custom_padding=&#8221;5px|||||&#8221; global_colors_info=&#8221;{}&#8221;]<\/p>\n<p>\u8fd9\u662f\u4e00\u79cd<span>\u00a0<\/span><span class=\"txt-focus-2\">\u975e\u4fb5\u5165\u6027\u3001\u65e0\u75db\u7684\u65b9\u6cd5\uff0c\u6709\u6548\u62b5\u6297\u76ae\u80a4\u8001\u5316\u7684\u8ff9\u8c61<\/span><span>\u00a0<\/span>\u5e76\u80fd\u591f\u957f\u671f\u6539\u5584\u8eab\u4f53\u548c\u9762\u90e8\u76ae\u80a4\u7684\u8d28\u91cf\uff0c\u7a33\u5b9a\u51cf\u8f7b\u4e3b\u8981\u7684\u76ae\u80a4\u7455\u75b5\uff0c\u5982\u76b1\u7eb9\u548c\u677e\u5f1b\u3002<\/p>\n<p>\u4fc3\u8fdb\u76ae\u80a4\u518d\u751f\uff0c\u62b5\u6297\u7ec4\u7ec7\u8001\u5316<\/p>\n<p>\u5c04\u9891\u7684\u751f\u7269\u7269\u7406\u6548\u5e94\u57fa\u4e8e\u5c06\u7535\u80fd\u8f6c\u6362\u4e3a\u70ed\u80fd\u7684\u539f\u7406<\/p>\n<p>[\/et_pb_text][\/et_pb_column][\/et_pb_row][\/et_pb_section][et_pb_section fb_built=&#8221;1&#8243; _builder_version=&#8221;4.22.2&#8243; _module_preset=&#8221;default&#8221; global_colors_info=&#8221;{}&#8221;][et_pb_row column_structure=&#8221;1_2,1_2&#8243; _builder_version=&#8221;4.22.2&#8243; _module_preset=&#8221;default&#8221; global_colors_info=&#8221;{}&#8221;][et_pb_column type=&#8221;1_2&#8243; _builder_version=&#8221;4.22.2&#8243; _module_preset=&#8221;default&#8221; global_colors_info=&#8221;{}&#8221;][et_pb_text _builder_version=&#8221;4.22.2&#8243; _module_preset=&#8221;eb2006c7-9111-40e4-b51b-45495b9cf7c9&#8243; custom_padding=&#8221;5px|||||&#8221; global_colors_info=&#8221;{}&#8221;]<\/p>\n<p>\u7531\u7ec4\u7ec7\u4ea7\u751f\u7684\u53ef\u63a7\u4e14\u5c40\u90e8\u5316\u7684\u70ed\u91cf\uff08\u900f\u70ed\u7597\u6cd5\uff09\u523a\u6fc0\u771f\u76ae\u5c42\u7684\u81ea\u6211\u4fee\u590d\u6d3b\u52a8<\/p>\n<p>\u4e3b\u8981\u76ee\u7684\u662f\u63d0\u9ad8\u6e29\u5ea6\uff0c\u4ea7\u751f\u7d27\u81f4\u6548\u679c\uff0c\u5176\u4e2d\u70ed\u4f5c\u7528\u523a\u6fc0\u6210\u7ea4\u7ef4\u7ec6\u80de\u7684\u6d3b\u52a8\uff0c\u4fc3\u4f7f\u5176\u589e\u52a0\u65b0\u80f6\u539f\u86cb\u767d\u7684\u751f\u6210\uff0c\u4ece\u800c<span>\u00a0<\/span><span class=\"txt-focus-2\">\u5e26\u6765\u6301\u4e45\u7684\u7d27\u81f4\u6548\u679c\u3002<\/span>.<\/p>\n<p>[\/et_pb_text][\/et_pb_column][et_pb_column type=&#8221;1_2&#8243; _builder_version=&#8221;4.22.2&#8243; _module_preset=&#8221;default&#8221; global_colors_info=&#8221;{}&#8221;][et_pb_video src=&#8221;https:\/\/youtu.be\/ujxx-_rPiDk&#8221; _builder_version=&#8221;4.22.2&#8243; _module_preset=&#8221;default&#8221; global_colors_info=&#8221;{}&#8221;][\/et_pb_video][\/et_pb_column][\/et_pb_row][\/et_pb_section][et_pb_section fb_built=&#8221;1&#8243; admin_label=&#8221;Footer&#8221; _builder_version=&#8221;4.22.2&#8243; _module_preset=&#8221;default&#8221; background_color=&#8221;gcid-747c27a2-f601-41b3-96c4-6a54166c7b0d&#8221; saved_tabs=&#8221;all&#8221; collapsed=&#8221;on&#8221; global_colors_info=&#8221;{%22gcid-747c27a2-f601-41b3-96c4-6a54166c7b0d%22:%91%22background_color%22%93}&#8221; locked=&#8221;off&#8221;][et_pb_row _builder_version=&#8221;4.23.2&#8243; _module_preset=&#8221;default&#8221; global_colors_info=&#8221;{}&#8221;][et_pb_column type=&#8221;4_4&#8243; _builder_version=&#8221;4.23.2&#8243; _module_preset=&#8221;default&#8221; global_colors_info=&#8221;{}&#8221;][et_pb_text _builder_version=&#8221;4.22.2&#8243; _module_preset=&#8221;9bfca693-5c3f-4cd4-89c9-32acb78d9dd0&#8243; header_2_text_color=&#8221;gcid-3c3581c1-f373-4686-aa51-f9f01c8ffd79&#8243; custom_margin=&#8221;||10px||false|false&#8221; global_colors_info=&#8221;{%22gcid-3c3581c1-f373-4686-aa51-f9f01c8ffd79%22:%91%22header_2_text_color%22%93}&#8221;]<\/p>\n<h2>\u6b22\u8fce\u6765\u5230  Beautique Luxury Esthtetic<\/h2>\n<p>[\/et_pb_text][\/et_pb_column][\/et_pb_row][et_pb_row column_structure=&#8221;1_3,1_3,1_3&#8243; _builder_version=&#8221;4.23.2&#8243; _module_preset=&#8221;default&#8221; global_colors_info=&#8221;{}&#8221;][et_pb_column type=&#8221;1_3&#8243; _builder_version=&#8221;4.23.2&#8243; _module_preset=&#8221;default&#8221; global_colors_info=&#8221;{}&#8221;][et_pb_text _builder_version=&#8221;4.27.4&#8243; _module_preset=&#8221;1ab8b428-6f26-4a7e-b7f0-3afcc5f5e8b8&#8243; header_5_text_color=&#8221;gcid-3c3581c1-f373-4686-aa51-f9f01c8ffd79&#8243; custom_margin=&#8221;||10px||false|false&#8221; global_colors_info=&#8221;{%22gcid-3c3581c1-f373-4686-aa51-f9f01c8ffd79%22:%91%22header_5_text_color%22%93}&#8221;]<\/p>\n<h5>\u6211\u4eec\u7684\u5730\u5740<\/h5>\n<p>[\/et_pb_text][et_pb_text _builder_version=&#8221;4.22.2&#8243; _module_preset=&#8221;ed1dbca4-2515-40f6-a7a7-6c5153dbeeb7&#8243; text_text_color=&#8221;gcid-75f8feef-8e89-48de-a593-3e169dc48f01&#8243; global_colors_info=&#8221;{%22gcid-75f8feef-8e89-48de-a593-3e169dc48f01%22:%91%22text_text_color%22%93}&#8221;]<\/p>\n<p>Galleria Polidoro 4C<\/p>\n<p>43121 \u2013 \u5e15\u5c14\u9a6c<\/p>\n<p>[\/et_pb_text][et_pb_social_media_follow _builder_version=&#8221;4.22.2&#8243; _module_preset=&#8221;default&#8221; border_radii=&#8221;on|100px|100px|100px|100px&#8221; global_colors_info=&#8221;{}&#8221;][et_pb_social_media_follow_network social_network=&#8221;facebook&#8221; _builder_version=&#8221;4.23.2&#8243; _module_preset=&#8221;default&#8221; background_color=&#8221;gcid-3c3581c1-f373-4686-aa51-f9f01c8ffd79&#8243; background_enable_color=&#8221;on&#8221; custom_padding=&#8221;4px|4px|4px|4px|true|true&#8221; global_colors_info=&#8221;{%22gcid-3c3581c1-f373-4686-aa51-f9f01c8ffd79%22:%91%22background_color%22%93}&#8221; follow_button=&#8221;off&#8221; url_new_window=&#8221;on&#8221;]facebook[\/et_pb_social_media_follow_network][et_pb_social_media_follow_network social_network=&#8221;instagram&#8221; _builder_version=&#8221;4.23.2&#8243; _module_preset=&#8221;default&#8221; background_color=&#8221;gcid-3c3581c1-f373-4686-aa51-f9f01c8ffd79&#8243; background_enable_color=&#8221;on&#8221; custom_padding=&#8221;4px|4px|4px|4px|true|true&#8221; global_colors_info=&#8221;{%22gcid-3c3581c1-f373-4686-aa51-f9f01c8ffd79%22:%91%22background_color%22%93}&#8221; follow_button=&#8221;off&#8221; url_new_window=&#8221;on&#8221;]instagram[\/et_pb_social_media_follow_network][\/et_pb_social_media_follow][\/et_pb_column][et_pb_column type=&#8221;1_3&#8243; _builder_version=&#8221;4.23.2&#8243; _module_preset=&#8221;default&#8221; global_colors_info=&#8221;{}&#8221;][et_pb_text _builder_version=&#8221;4.27.4&#8243; _module_preset=&#8221;1ab8b428-6f26-4a7e-b7f0-3afcc5f5e8b8&#8243; header_5_text_color=&#8221;gcid-3c3581c1-f373-4686-aa51-f9f01c8ffd79&#8243; custom_margin=&#8221;||10px||false|false&#8221; locked=&#8221;off&#8221; global_colors_info=&#8221;{%22gcid-3c3581c1-f373-4686-aa51-f9f01c8ffd79%22:%91%22header_5_text_color%22%93}&#8221;]<\/p>\n<h5>\u5de5\u4f5c\u65f6\u95f4<\/h5>\n<p>[\/et_pb_text][et_pb_text _builder_version=&#8221;4.22.2&#8243; _module_preset=&#8221;ed1dbca4-2515-40f6-a7a7-6c5153dbeeb7&#8243; text_text_color=&#8221;gcid-75f8feef-8e89-48de-a593-3e169dc48f01&#8243; custom_margin=&#8221;||0px||false|false&#8221; locked=&#8221;off&#8221; global_colors_info=&#8221;{%22gcid-75f8feef-8e89-48de-a593-3e169dc48f01%22:%91%22text_text_color%22%93}&#8221;]<\/p>\n<p>\u661f\u671f\u4e00\u81f3\u661f\u671f\u4e94<\/p>\n<p>[\/et_pb_text][et_pb_text _builder_version=&#8221;4.22.2&#8243; _module_preset=&#8221;ed1dbca4-2515-40f6-a7a7-6c5153dbeeb7&#8243; text_text_color=&#8221;gcid-75f8feef-8e89-48de-a593-3e169dc48f01&#8243; locked=&#8221;off&#8221; global_colors_info=&#8221;{%22gcid-75f8feef-8e89-48de-a593-3e169dc48f01%22:%91%22text_text_color%22%93}&#8221;]<\/p>\n<p>09:00 &#8211; 19:00<\/p>\n<p>[\/et_pb_text][et_pb_text _builder_version=&#8221;4.22.2&#8243; _module_preset=&#8221;ed1dbca4-2515-40f6-a7a7-6c5153dbeeb7&#8243; text_text_color=&#8221;gcid-75f8feef-8e89-48de-a593-3e169dc48f01&#8243; custom_margin=&#8221;||0px||false|false&#8221; locked=&#8221;off&#8221; global_colors_info=&#8221;{%22gcid-75f8feef-8e89-48de-a593-3e169dc48f01%22:%91%22text_text_color%22%93}&#8221;]<\/p>\n<p>\u661f\u671f\u516d\u00a0<\/p>\n<p>[\/et_pb_text][et_pb_text _builder_version=&#8221;4.22.2&#8243; _module_preset=&#8221;ed1dbca4-2515-40f6-a7a7-6c5153dbeeb7&#8243; text_text_color=&#8221;gcid-75f8feef-8e89-48de-a593-3e169dc48f01&#8243; locked=&#8221;off&#8221; global_colors_info=&#8221;{%22gcid-75f8feef-8e89-48de-a593-3e169dc48f01%22:%91%22text_text_color%22%93}&#8221;]<\/p>\n<p>10.00 &#8211; 19.00<\/p>\n<p>[\/et_pb_text][\/et_pb_column][et_pb_column type=&#8221;1_3&#8243; _builder_version=&#8221;4.23.2&#8243; _module_preset=&#8221;default&#8221; global_colors_info=&#8221;{}&#8221;][et_pb_text _builder_version=&#8221;4.27.4&#8243; _module_preset=&#8221;1ab8b428-6f26-4a7e-b7f0-3afcc5f5e8b8&#8243; header_5_text_color=&#8221;gcid-3c3581c1-f373-4686-aa51-f9f01c8ffd79&#8243; custom_margin=&#8221;||10px||false|false&#8221; locked=&#8221;off&#8221; global_colors_info=&#8221;{%22gcid-3c3581c1-f373-4686-aa51-f9f01c8ffd79%22:%91%22header_5_text_color%22%93}&#8221;]<\/p>\n<h5>\u8054\u7cfb\u6211\u4eec<\/h5>\n<p>[\/et_pb_text][et_pb_text _builder_version=&#8221;4.27.4&#8243; _module_preset=&#8221;aa63a296-5982-4157-b7fb-0e5a790f2f79&#8243; header_3_font=&#8221;||||||||&#8221; header_3_text_color=&#8221;gcid-3c3581c1-f373-4686-aa51-f9f01c8ffd79&#8243; global_colors_info=&#8221;{%22gcid-3c3581c1-f373-4686-aa51-f9f01c8ffd79%22:%91%22header_3_text_color%22%93}&#8221;]<\/p>\n<h3>+39 <span>0521 883297<\/span><\/h3>\n<p>[\/et_pb_text][et_pb_text _builder_version=&#8221;4.27.4&#8243; _module_preset=&#8221;1ab8b428-6f26-4a7e-b7f0-3afcc5f5e8b8&#8243; header_5_text_color=&#8221;gcid-3c3581c1-f373-4686-aa51-f9f01c8ffd79&#8243; custom_margin=&#8221;||10px||false|false&#8221; locked=&#8221;off&#8221; global_colors_info=&#8221;{%22gcid-3c3581c1-f373-4686-aa51-f9f01c8ffd79%22:%91%22header_5_text_color%22%93}&#8221;]<\/p>\n<h5>\u5982\u679c\u60a8\u60f3\u4e86\u89e3\u7279\u8bb8\u7ecf\u8425\u7684\u4fe1\u606f<\/h5>\n<p>[\/et_pb_text][et_pb_text _builder_version=&#8221;4.27.4&#8243; _module_preset=&#8221;aa63a296-5982-4157-b7fb-0e5a790f2f79&#8243; header_3_font=&#8221;||||||||&#8221; header_3_text_color=&#8221;gcid-3c3581c1-f373-4686-aa51-f9f01c8ffd79&#8243; global_colors_info=&#8221;{%22gcid-3c3581c1-f373-4686-aa51-f9f01c8ffd79%22:%91%22header_3_text_color%22%93}&#8221;]<\/p>\n<h3>+39 <span>393 680 69 80<\/span><\/h3>\n<p>[\/et_pb_text][et_pb_button button_url=&#8221;@ET-DC@eyJkeW5hbWljIjp0cnVlLCJjb250ZW50IjoicG9zdF9saW5rX3VybF9wYWdlIiwic2V0dGluZ3MiOnsicG9zdF9pZCI6IjUzNiJ9fQ==@&#8221; button_text=&#8221;Book An Appointment&#8221; _builder_version=&#8221;4.22.2&#8243; _dynamic_attributes=&#8221;button_url&#8221; _module_preset=&#8221;0c08f6c2-bf2c-4d85-b5b8-2905c4ef5806&#8243; button_border_color=&#8221;gcid-fc7afca1-7302-4e55-829d-3d445387c282&#8243; global_colors_info=&#8221;{%22gcid-33ba488a-a977-4fcb-9562-ca062f22498f%22:%91%22button_bg_color%22,%22button_bg_color%22%93,%22gcid-fc7afca1-7302-4e55-829d-3d445387c282%22:%91%22button_border_color%22%93}&#8221;][\/et_pb_button][\/et_pb_column][\/et_pb_row][et_pb_row _builder_version=&#8221;4.23.2&#8243; _module_preset=&#8221;default&#8221; global_colors_info=&#8221;{}&#8221;][et_pb_column type=&#8221;4_4&#8243; _builder_version=&#8221;4.23.2&#8243; _module_preset=&#8221;default&#8221; global_colors_info=&#8221;{}&#8221;][et_pb_text _builder_version=&#8221;4.22.2&#8243; _dynamic_attributes=&#8221;content&#8221; _module_preset=&#8221;ed1dbca4-2515-40f6-a7a7-6c5153dbeeb7&#8243; text_text_color=&#8221;gcid-75f8feef-8e89-48de-a593-3e169dc48f01&#8243; text_orientation=&#8221;center&#8221; global_colors_info=&#8221;{%22gcid-75f8feef-8e89-48de-a593-3e169dc48f01%22:%91%22text_text_color%22%93}&#8221;]@ET-DC@eyJkeW5hbWljIjp0cnVlLCJjb250ZW50IjoiY3VycmVudF9kYXRlIiwic2V0dGluZ3MiOnsiYmVmb3JlIjoiQ29weXJpZ2h0ICZjb3B5OyAiLCJhZnRlciI6IiBCZWF1dGlxdWUuIEFsbCBSaWdodHMgUmVzZXJ2ZWQuIiwiZGF0ZV9mb3JtYXQiOiJjdXN0b20iLCJjdXN0b21fZGF0ZV9mb3JtYXQiOiJZIn19@[\/et_pb_text][\/et_pb_column][\/et_pb_row][\/et_pb_section]<\/p>","protected":false},"excerpt":{"rendered":"<p>RadioteckE\u2019 una\u00a0metodica non invasiva e non dolorosa che contrasta efficacemente i segni dell\u2019invecchiamento cutaneo\u00a0e consente di ottenere un duraturo miglioramento della qualit\u00e0 della pelle del corpo e del viso, attenuando con una certa stabilit\u00e0 i principali inestetismi che la riguardano, ad esempio, rughe e lassit\u00e0. Promuovendo un\u2019azione di ringiovanimento e contrastando l\u2019invecchiamento dei tessuti. L\u2019effetto [&hellip;]<\/p>","protected":false},"author":1,"featured_media":0,"parent":0,"menu_order":0,"comment_status":"closed","ping_status":"closed","template":"","meta":{"_et_pb_use_builder":"on","_et_pb_old_content":"","_et_gb_content_width":"","footnotes":""},"class_list":["post-647","page","type-page","status-publish","hentry"],"_links":{"self":[{"href":"https:\/\/beautiqueluxuryesthetic.it\/zh\/wp-json\/wp\/v2\/pages\/647","targetHints":{"allow":["GET"]}}],"collection":[{"href":"https:\/\/beautiqueluxuryesthetic.it\/zh\/wp-json\/wp\/v2\/pages"}],"about":[{"href":"https:\/\/beautiqueluxuryesthetic.it\/zh\/wp-json\/wp\/v2\/types\/page"}],"author":[{"embeddable":true,"href":"https:\/\/beautiqueluxuryesthetic.it\/zh\/wp-json\/wp\/v2\/users\/1"}],"replies":[{"embeddable":true,"href":"https:\/\/beautiqueluxuryesthetic.it\/zh\/wp-json\/wp\/v2\/comments?post=647"}],"version-history":[{"count":4,"href":"https:\/\/beautiqueluxuryesthetic.it\/zh\/wp-json\/wp\/v2\/pages\/647\/revisions"}],"predecessor-version":[{"id":812,"href":"https:\/\/beautiqueluxuryesthetic.it\/zh\/wp-json\/wp\/v2\/pages\/647\/revisions\/812"}],"wp:attachment":[{"href":"https:\/\/beautiqueluxuryesthetic.it\/zh\/wp-json\/wp\/v2\/media?parent=647"}],"curies":[{"name":"wp","href":"https:\/\/api.w.org\/{rel}","templated":true}]}}